{"id":168,"date":"2018-07-27T21:11:26","date_gmt":"2018-07-27T21:11:26","guid":{"rendered":"http:\/\/dogukantunc.com\/?page_id=168"},"modified":"2025-01-12T23:23:59","modified_gmt":"2025-01-12T22:23:59","slug":"hakkinda","status":"publish","type":"page","link":"https:\/\/dogukantunc.com\/?page_id=168","title":{"rendered":"Hakk\u0131nda"},"content":{"rendered":"<p><strong><a href=\"http:\/\/dogukantunc.com\/?page_id=147\">English Version<\/a><\/strong><\/p>\n<p style=\"text-align: left;\">Do\u011fukan Tun\u00e7, (arkada\u015flar\u0131 taraf\u0131ndan bilinen \u015fekliyle <strong>DT,<\/strong> lisede <strong>Dream Theater<\/strong> grubuna kar\u015f\u0131 duydu\u011fu sevgi nedeniyle) 07.07.1986 y\u0131l\u0131nda Ankara&#8217;da do\u011fdu.<\/p>\n<p><img data-recalc-dims=\"1\" loading=\"lazy\" decoding=\"async\" src=\"https:\/\/i0.wp.com\/dogukantunc.com\/wp-content\/uploads\/2020\/10\/IMG_20180909_0020-1024x741.jpg?resize=750%2C543\" alt=\"\" width=\"750\" height=\"543\" class=\"aligncenter wp-image-730 size-large\" srcset=\"https:\/\/i0.wp.com\/dogukantunc.com\/wp-content\/uploads\/2020\/10\/IMG_20180909_0020.jpg?resize=1024%2C741&amp;ssl=1 1024w, https:\/\/i0.wp.com\/dogukantunc.com\/wp-content\/uploads\/2020\/10\/IMG_20180909_0020.jpg?resize=300%2C217&amp;ssl=1 300w, https:\/\/i0.wp.com\/dogukantunc.com\/wp-content\/uploads\/2020\/10\/IMG_20180909_0020.jpg?resize=768%2C555&amp;ssl=1 768w, https:\/\/i0.wp.com\/dogukantunc.com\/wp-content\/uploads\/2020\/10\/IMG_20180909_0020.jpg?w=1416&amp;ssl=1 1416w\" sizes=\"auto, (max-width: 750px) 100vw, 750px\" \/><\/p>\n<p>Annesi anaokulu \u00f6\u011fretmeni, babas\u0131 ise devlet memurudur. 1989 do\u011fumlu bir erkek karde\u015fi vard\u0131r. K\u00fc\u00e7\u00fck ya\u015ftan itibaren ara\u015ft\u0131rmaya, okumaya, \u00f6\u011frenmeye olan ilgisi ile \u00e7evresinin dikkatini \u00e7eken bir tip olmu\u015ftur.<\/p>\n<div id=\"attachment_731\" style=\"width: 760px\" class=\"wp-caption aligncenter\"><img data-recalc-dims=\"1\" loading=\"lazy\" decoding=\"async\" aria-describedby=\"caption-attachment-731\" src=\"https:\/\/i0.wp.com\/dogukantunc.com\/wp-content\/uploads\/2020\/10\/IMG_20180909_0066-1024x681.jpg?resize=750%2C499\" alt=\"\" width=\"750\" height=\"499\" class=\"wp-image-731 size-large\" srcset=\"https:\/\/i0.wp.com\/dogukantunc.com\/wp-content\/uploads\/2020\/10\/IMG_20180909_0066.jpg?resize=1024%2C681&amp;ssl=1 1024w, https:\/\/i0.wp.com\/dogukantunc.com\/wp-content\/uploads\/2020\/10\/IMG_20180909_0066.jpg?resize=300%2C199&amp;ssl=1 300w, https:\/\/i0.wp.com\/dogukantunc.com\/wp-content\/uploads\/2020\/10\/IMG_20180909_0066.jpg?resize=768%2C511&amp;ssl=1 768w, https:\/\/i0.wp.com\/dogukantunc.com\/wp-content\/uploads\/2020\/10\/IMG_20180909_0066.jpg?resize=360%2C240&amp;ssl=1 360w, https:\/\/i0.wp.com\/dogukantunc.com\/wp-content\/uploads\/2020\/10\/IMG_20180909_0066.jpg?w=1420&amp;ssl=1 1420w\" sizes=\"auto, (max-width: 750px) 100vw, 750px\" \/><p id=\"caption-attachment-731\" class=\"wp-caption-text\">White &amp; Nerdy<\/p><\/div>\n<p>Kendi imkanlar\u0131yla 5 ya\u015f\u0131nda okuma yazmay\u0131 s\u00f6kt\u00fc\u011f\u00fc i\u00e7in olduk\u00e7a s\u0131k\u0131ld\u0131\u011f\u0131 ve tam notla mezun oldu\u011fu bir ilkokul d\u00f6neminden sonra girdi\u011fi Anadolu Lisesi s\u0131nav\u0131nda \u00c7ankaya Atat\u00fcrk Anadolu Lisesi&#8217;ni kazand\u0131.<\/p>\n<div id=\"attachment_733\" style=\"width: 245px\" class=\"wp-caption aligncenter\"><img data-recalc-dims=\"1\" loading=\"lazy\" decoding=\"async\" aria-describedby=\"caption-attachment-733\" src=\"https:\/\/i0.wp.com\/dogukantunc.com\/wp-content\/uploads\/2020\/10\/26470_330866778346_743578346_3620759_4714926_n.jpg?resize=235%2C234\" alt=\"\" width=\"235\" height=\"234\" class=\"wp-image-733 size-full\" srcset=\"https:\/\/i0.wp.com\/dogukantunc.com\/wp-content\/uploads\/2020\/10\/26470_330866778346_743578346_3620759_4714926_n.jpg?w=235&amp;ssl=1 235w, https:\/\/i0.wp.com\/dogukantunc.com\/wp-content\/uploads\/2020\/10\/26470_330866778346_743578346_3620759_4714926_n.jpg?resize=150%2C150&amp;ssl=1 150w\" sizes=\"auto, (max-width: 235px) 100vw, 235px\" \/><p id=\"caption-attachment-733\" class=\"wp-caption-text\">Tun\u00e7 Brothers, circa 1994<\/p><\/div>\n<p>7 y\u0131l s\u00fcren Haz\u0131rl\u0131k\/Ortaokul\/Lise e\u011fitimi boyunca, \u0130lkokul&#8217;dakinin aksine notlar\u0131 zaman zaman dibi g\u00f6rm\u00fc\u015f, zaman zaman ba\u015f\u0131n\u0131 belaya sokmu\u015f, ama mutlu bir e\u011fitim hayat\u0131 ge\u00e7irmi\u015ftir.<\/p>\n<p><img data-recalc-dims=\"1\" loading=\"lazy\" decoding=\"async\" src=\"https:\/\/i0.wp.com\/dogukantunc.com\/wp-content\/uploads\/2020\/10\/10fn.jpg?resize=600%2C399\" alt=\"\" width=\"600\" height=\"399\" class=\"aligncenter wp-image-748 size-full\" srcset=\"https:\/\/i0.wp.com\/dogukantunc.com\/wp-content\/uploads\/2020\/10\/10fn.jpg?w=600&amp;ssl=1 600w, https:\/\/i0.wp.com\/dogukantunc.com\/wp-content\/uploads\/2020\/10\/10fn.jpg?resize=300%2C200&amp;ssl=1 300w, https:\/\/i0.wp.com\/dogukantunc.com\/wp-content\/uploads\/2020\/10\/10fn.jpg?resize=360%2C240&amp;ssl=1 360w\" sizes=\"auto, (max-width: 600px) 100vw, 600px\" \/><\/p>\n<p>Hi\u00e7bir zaman tam olarak kavrayamad\u0131\u011f\u0131 test tekni\u011fi, ona \u00d6SS&#8217;de bela olmu\u015ftur. Kimyay\u0131 \u00e7ok sevmesine ra\u011fmen, liseden yak\u0131n arkada\u015f\u0131 Burak ile beraber matematik ve bilgisayar bilimlerine do\u011fru ilerlemek istediklerine karar vererek 2004 y\u0131l\u0131nda Hacettepe \u00dcniversitesi \u0130statistik b\u00f6l\u00fcm\u00fcne girmi\u015flerdir.<\/p>\n<p>Lisans e\u011fitimi boyunca m\u00fczik (bateri, gitar ve kompozisyon) ile ilgilenmeye ve kod yazma merak\u0131yla daha profesyonel bi\u00e7imde u\u011fra\u015fmaya ba\u015flam\u0131\u015ft\u0131r. M\u00fczi\u011fe de lise ve \u00fcniversite boyunca s\u0131ra arkada\u015f\u0131 olan Burak ile beraber at\u0131lm\u0131\u015flard\u0131r. Uzun s\u00fcre Progressive Rock ile u\u011fra\u015ft\u0131lar.<\/p>\n<p><img data-recalc-dims=\"1\" loading=\"lazy\" decoding=\"async\" src=\"https:\/\/i0.wp.com\/dogukantunc.com\/wp-content\/uploads\/2020\/10\/S3010299-1.jpg?resize=600%2C450\" alt=\"\" width=\"600\" height=\"450\" class=\"aligncenter size-full wp-image-760\" srcset=\"https:\/\/i0.wp.com\/dogukantunc.com\/wp-content\/uploads\/2020\/10\/S3010299-1.jpg?w=600&amp;ssl=1 600w, https:\/\/i0.wp.com\/dogukantunc.com\/wp-content\/uploads\/2020\/10\/S3010299-1.jpg?resize=300%2C225&amp;ssl=1 300w\" sizes=\"auto, (max-width: 600px) 100vw, 600px\" \/><\/p>\n<p>E\u011fitimi s\u0131ras\u0131nda hem m\u00fczisyen olarak (davul dersleri ve konserler) hem de bilgisayarla ilgili \u00e7e\u015fitli part-time i\u015flerde \u00e7al\u0131\u015fman\u0131n yan\u0131nda Haziran 2011 s\u0131ralar\u0131nda ilk kez bir yaz\u0131l\u0131m firmas\u0131nda tam zamanl\u0131 olarak \u00e7al\u0131\u015fmaya ba\u015flam\u0131\u015ft\u0131r. Yine lisans e\u011fitimi s\u00fcresince \u00e7e\u015fitli kurslar ve online e\u011fitimler ile C\/C++, C#.Net, Java ve ASP\/PHP dillerinde ilerlemeye \u00e7al\u0131\u015fm\u0131\u015ft\u0131r. Diplomas\u0131n\u0131 ald\u0131ktan sonra da bu sekt\u00f6rde \u00e7al\u0131\u015fmaya devam etmi\u015ftir.<\/p>\n<p>2011 y\u0131l\u0131nda yak\u0131n arkada\u015flar\u0131 ile beraber kurduklar\u0131 rock\/pop m\u00fczik grubu <a href=\"https:\/\/www.youtube.com\/watch?v=PeBu2M0CP_I\" target=\"_blank\" rel=\"noopener noreferrer\">Ukemi<\/a> ile, Ankara&#8217;n\u0131n bir\u00e7ok mekan\u0131nda sahne alm\u0131\u015f ve yar\u0131 profesyonel olarak m\u00fczik icra etmeye ba\u015flam\u0131\u015ft\u0131r.<\/p>\n<p><img data-recalc-dims=\"1\" loading=\"lazy\" decoding=\"async\" src=\"https:\/\/i0.wp.com\/dogukantunc.com\/wp-content\/uploads\/2018\/07\/IMG_4079-1-863x1024.jpg?resize=750%2C890\" alt=\"\" width=\"750\" height=\"890\" class=\"aligncenter wp-image-127 size-large\" srcset=\"https:\/\/i0.wp.com\/dogukantunc.com\/wp-content\/uploads\/2018\/07\/IMG_4079-1.jpg?resize=863%2C1024&amp;ssl=1 863w, https:\/\/i0.wp.com\/dogukantunc.com\/wp-content\/uploads\/2018\/07\/IMG_4079-1.jpg?resize=253%2C300&amp;ssl=1 253w, https:\/\/i0.wp.com\/dogukantunc.com\/wp-content\/uploads\/2018\/07\/IMG_4079-1.jpg?resize=768%2C911&amp;ssl=1 768w, https:\/\/i0.wp.com\/dogukantunc.com\/wp-content\/uploads\/2018\/07\/IMG_4079-1.jpg?w=1500&amp;ssl=1 1500w, https:\/\/i0.wp.com\/dogukantunc.com\/wp-content\/uploads\/2018\/07\/IMG_4079-1.jpg?w=2250&amp;ssl=1 2250w\" sizes=\"auto, (max-width: 750px) 100vw, 750px\" \/><\/p>\n<p>Bunun yan\u0131nda m\u00fczikal g\u00f6sterilerinde de hem orkestra \u00fcyesi hem de koro eleman\u0131 olarak g\u00f6rev alm\u0131\u015ft\u0131r. Evil Dead, Across the Universe, We Will Rock You gibi m\u00fczikallerde orkestra \u00fcyesi olarak yer al\u0131rken, Sweeney Todd, Phantom of the Opera gibi m\u00fczikal temsillerinde sahneye de ayak basm\u0131\u015ft\u0131r.<\/p>\n<div id=\"attachment_732\" style=\"width: 599px\" class=\"wp-caption aligncenter\"><img data-recalc-dims=\"1\" loading=\"lazy\" decoding=\"async\" aria-describedby=\"caption-attachment-732\" src=\"https:\/\/i0.wp.com\/dogukantunc.com\/wp-content\/uploads\/2020\/10\/26752_376253376316_557831316_3819646_6155987_n.jpg?resize=589%2C719&#038;ssl=1\" alt=\"\" width=\"589\" height=\"719\" class=\"wp-image-732 size-full\" srcset=\"https:\/\/i0.wp.com\/dogukantunc.com\/wp-content\/uploads\/2020\/10\/26752_376253376316_557831316_3819646_6155987_n.jpg?w=589&amp;ssl=1 589w, https:\/\/i0.wp.com\/dogukantunc.com\/wp-content\/uploads\/2020\/10\/26752_376253376316_557831316_3819646_6155987_n.jpg?resize=246%2C300&amp;ssl=1 246w\" sizes=\"auto, (max-width: 589px) 100vw, 589px\" \/><p id=\"caption-attachment-732\" class=\"wp-caption-text\">Sweeney Todd<\/p><\/div>\n<p>Uzun bir s\u00fcre boyunca tam zamanl\u0131 bir i\u015f, programlama e\u011fitimleri ve m\u00fczik ile beraber y\u00fcr\u00fctmeye \u00e7al\u0131\u015ft\u0131\u011f\u0131 \u00fcniversite lisans program\u0131n\u0131, nihayet \u015eubat 2012&#8217;de (biraz uzatmal\u0131 olarak da olsa) tamamlayarak diplomas\u0131n\u0131 almay\u0131 ba\u015farm\u0131\u015ft\u0131r.<\/p>\n<p>2012 y\u0131l\u0131n\u0131n Aral\u0131k ay\u0131nda K\u0131sa D\u00f6nem Er olarak askerlik g\u00f6revini yapmaya ba\u015flam\u0131\u015ft\u0131r. Bal\u0131kesir&#8217;de temel e\u011fitim ald\u0131ktan sonra Bak\u0131m s\u0131n\u0131f\u0131 Onba\u015f\u0131 olarak \u0130stanbul &#8211; Selimiye 1. Ordu Karargah\u0131&#8217;nda g\u00f6rev alm\u0131\u015ft\u0131r.<\/p>\n<p><img data-recalc-dims=\"1\" loading=\"lazy\" decoding=\"async\" src=\"https:\/\/i0.wp.com\/dogukantunc.com\/wp-content\/uploads\/2020\/10\/DSC03824-1024x768.jpg?resize=750%2C563\" alt=\"\" width=\"750\" height=\"563\" class=\"aligncenter wp-image-735 size-large\" srcset=\"https:\/\/i0.wp.com\/dogukantunc.com\/wp-content\/uploads\/2020\/10\/DSC03824-scaled.jpg?resize=1024%2C768&amp;ssl=1 1024w, https:\/\/i0.wp.com\/dogukantunc.com\/wp-content\/uploads\/2020\/10\/DSC03824-scaled.jpg?resize=300%2C225&amp;ssl=1 300w, https:\/\/i0.wp.com\/dogukantunc.com\/wp-content\/uploads\/2020\/10\/DSC03824-scaled.jpg?resize=768%2C576&amp;ssl=1 768w, https:\/\/i0.wp.com\/dogukantunc.com\/wp-content\/uploads\/2020\/10\/DSC03824-scaled.jpg?resize=1536%2C1152&amp;ssl=1 1536w, https:\/\/i0.wp.com\/dogukantunc.com\/wp-content\/uploads\/2020\/10\/DSC03824-scaled.jpg?resize=2048%2C1536&amp;ssl=1 2048w, https:\/\/i0.wp.com\/dogukantunc.com\/wp-content\/uploads\/2020\/10\/DSC03824-scaled.jpg?w=2250&amp;ssl=1 2250w\" sizes=\"auto, (max-width: 750px) 100vw, 750px\" \/><\/p>\n<p>May\u0131s 2013&#8217;te g\u00f6revini tamamlayarak d\u00f6nm\u00fc\u015f ve yine yaz\u0131l\u0131m alan\u0131nda \u00e7al\u0131\u015fmaya devam etmi\u015ftir. Ayn\u0131 zamanda m\u00fczik alan\u0131ndaki aktivitelerine de kald\u0131\u011f\u0131 yerden devam etmi\u015f ve sahne almaya tekrar ba\u015flam\u0131\u015ft\u0131r.<\/p>\n<p>2013 y\u0131l\u0131 Ekim ay\u0131nda, 2010&#8217;dan beri tan\u0131\u015ft\u0131\u011f\u0131, bir G\u0131da M\u00fchendisi ve M\u00fczisyen olan \u00d6zge Aktukan ile evlenmi\u015ftir.<\/p>\n<p><img data-recalc-dims=\"1\" loading=\"lazy\" decoding=\"async\" src=\"https:\/\/i0.wp.com\/dogukantunc.com\/wp-content\/uploads\/2020\/10\/IMG_9051-2-1024x683.jpg?resize=750%2C500\" alt=\"\" width=\"750\" height=\"500\" class=\"aligncenter wp-image-738 size-large\" srcset=\"https:\/\/i0.wp.com\/dogukantunc.com\/wp-content\/uploads\/2020\/10\/IMG_9051-2-scaled.jpg?resize=1024%2C683&amp;ssl=1 1024w, https:\/\/i0.wp.com\/dogukantunc.com\/wp-content\/uploads\/2020\/10\/IMG_9051-2-scaled.jpg?resize=300%2C200&amp;ssl=1 300w, https:\/\/i0.wp.com\/dogukantunc.com\/wp-content\/uploads\/2020\/10\/IMG_9051-2-scaled.jpg?resize=768%2C512&amp;ssl=1 768w, https:\/\/i0.wp.com\/dogukantunc.com\/wp-content\/uploads\/2020\/10\/IMG_9051-2-scaled.jpg?resize=1536%2C1024&amp;ssl=1 1536w, https:\/\/i0.wp.com\/dogukantunc.com\/wp-content\/uploads\/2020\/10\/IMG_9051-2-scaled.jpg?resize=2048%2C1365&amp;ssl=1 2048w, https:\/\/i0.wp.com\/dogukantunc.com\/wp-content\/uploads\/2020\/10\/IMG_9051-2-scaled.jpg?resize=360%2C240&amp;ssl=1 360w, https:\/\/i0.wp.com\/dogukantunc.com\/wp-content\/uploads\/2020\/10\/IMG_9051-2-scaled.jpg?w=2250&amp;ssl=1 2250w\" sizes=\"auto, (max-width: 750px) 100vw, 750px\" \/><\/p>\n<p>\u015eubat 2014 y\u0131l\u0131ndan itibaren M\u0130KES firmas\u0131 taraf\u0131ndan teklif edilen Yaz\u0131l\u0131m Test pozsiyonunu kabul etmesiyle birlikte, savunma sanayi b\u00fcnyesinde \u00e7al\u0131\u015fmaya ba\u015flam\u0131\u015ft\u0131r. Paralelde, Orta Do\u011fu Teknik \u00dcniversitesi&#8217;nde Yaz\u0131l\u0131m M\u00fchendisli\u011fi y\u00fcksek lisans program\u0131na ba\u015flam\u0131\u015ft\u0131r.<\/p>\n<p>2014 y\u0131l\u0131ndan itibaren 1,5 y\u0131l boyunca Aselsan Akyurt tesislerinde Yaz\u0131l\u0131m Tasar\u0131m departman\u0131nda \u00e7al\u0131\u015fm\u0131\u015ft\u0131r. May\u0131s 2016&#8217;da Aselsan&#8217;dan ayr\u0131larak ODT\u00dc Teknokent&#8217;te yer alan SDT (Uzay ve Savunma Teknolojileri) firmas\u0131na ge\u00e7mi\u015ftir.<\/p>\n<p>3 Ocak 2017&#8217;de, hayattaki en g\u00fczel eseri olan Ekin Tun\u00e7 d\u00fcnyaya gelmi\u015ftir. Babas\u0131na hem mutluluk hem de yeni bir ya\u015fama amac\u0131 getirmi\u015ftir.<\/p>\n<p><img data-recalc-dims=\"1\" loading=\"lazy\" decoding=\"async\" src=\"https:\/\/i0.wp.com\/dogukantunc.com\/wp-content\/uploads\/2020\/10\/IMG_4213-1024x682.jpg?resize=750%2C500\" alt=\"\" width=\"750\" height=\"500\" class=\"aligncenter wp-image-742 size-large\" srcset=\"https:\/\/i0.wp.com\/dogukantunc.com\/wp-content\/uploads\/2020\/10\/IMG_4213-scaled.jpg?resize=1024%2C682&amp;ssl=1 1024w, https:\/\/i0.wp.com\/dogukantunc.com\/wp-content\/uploads\/2020\/10\/IMG_4213-scaled.jpg?resize=300%2C200&amp;ssl=1 300w, https:\/\/i0.wp.com\/dogukantunc.com\/wp-content\/uploads\/2020\/10\/IMG_4213-scaled.jpg?resize=768%2C511&amp;ssl=1 768w, https:\/\/i0.wp.com\/dogukantunc.com\/wp-content\/uploads\/2020\/10\/IMG_4213-scaled.jpg?resize=1536%2C1023&amp;ssl=1 1536w, https:\/\/i0.wp.com\/dogukantunc.com\/wp-content\/uploads\/2020\/10\/IMG_4213-scaled.jpg?resize=2048%2C1364&amp;ssl=1 2048w, https:\/\/i0.wp.com\/dogukantunc.com\/wp-content\/uploads\/2020\/10\/IMG_4213-scaled.jpg?resize=360%2C240&amp;ssl=1 360w, https:\/\/i0.wp.com\/dogukantunc.com\/wp-content\/uploads\/2020\/10\/IMG_4213-scaled.jpg?w=2250&amp;ssl=1 2250w\" sizes=\"auto, (max-width: 750px) 100vw, 750px\" \/><\/p>\n<p>Ocak 2018&#8217;de Yaz\u0131l\u0131m M\u00fchendisli\u011fi program\u0131n\u0131 tamamlayarak y\u00fcksek lisans diplomas\u0131n\u0131 almaya hak kazanm\u0131\u015ft\u0131r. Ayn\u0131 d\u00f6nemde karde\u015fi de ODT\u00dc Metal\u00fcrji lisans program\u0131ndan, t\u0131pk\u0131 abisi gibi uzatmal\u0131 \u015fekilde mezun oldu\u011fu i\u00e7in ayn\u0131 mezuniyet t\u00f6reninde y\u00fcr\u00fcme \u015fans\u0131na eri\u015fmi\u015flerdir.<\/p>\n<p><img data-recalc-dims=\"1\" loading=\"lazy\" decoding=\"async\" src=\"https:\/\/i0.wp.com\/dogukantunc.com\/wp-content\/uploads\/2022\/11\/IMG-20180706-WA0026.jpg?resize=750%2C1000&#038;ssl=1\" alt=\"\" width=\"750\" height=\"1000\" class=\"aligncenter size-large wp-image-1591\" srcset=\"https:\/\/i0.wp.com\/dogukantunc.com\/wp-content\/uploads\/2022\/11\/IMG-20180706-WA0026.jpg?resize=768%2C1023&amp;ssl=1 768w, https:\/\/i0.wp.com\/dogukantunc.com\/wp-content\/uploads\/2022\/11\/IMG-20180706-WA0026.jpg?resize=225%2C300&amp;ssl=1 225w, https:\/\/i0.wp.com\/dogukantunc.com\/wp-content\/uploads\/2022\/11\/IMG-20180706-WA0026.jpg?resize=1153%2C1536&amp;ssl=1 1153w, https:\/\/i0.wp.com\/dogukantunc.com\/wp-content\/uploads\/2022\/11\/IMG-20180706-WA0026.jpg?w=1200&amp;ssl=1 1200w\" sizes=\"auto, (max-width: 750px) 100vw, 750px\" \/><\/p>\n<p>Ocak 2020&#8217;de ailesiyle birlikte Hollanda&#8217;n\u0131n Eindhoven \u015fehrine yerle\u015fmi\u015ftir. ASML firmas\u0131nda Yaz\u0131l\u0131m Tasar\u0131m M\u00fchendisi olarak \u00e7al\u0131\u015fmaktad\u0131r.<\/p>\n<p>Temmuz 2022&#8217;de aralar\u0131na kat\u0131lan Ediz ile beraber Tun\u00e7 ailesi 4 ki\u015fi olmu\u015f, evlerine taptaze bir ne\u015fe ve mutluluk gelmi\u015ftir.<\/p>\n<p><img data-recalc-dims=\"1\" loading=\"lazy\" decoding=\"async\" src=\"https:\/\/i0.wp.com\/dogukantunc.com\/wp-content\/uploads\/2025\/01\/IMG_20220710_115555.jpg?resize=750%2C1000&#038;ssl=1\" alt=\"\" width=\"750\" height=\"1000\" class=\"size-large wp-image-2335 aligncenter\" srcset=\"https:\/\/i0.wp.com\/dogukantunc.com\/wp-content\/uploads\/2025\/01\/IMG_20220710_115555-scaled.jpg?resize=768%2C1024&amp;ssl=1 768w, https:\/\/i0.wp.com\/dogukantunc.com\/wp-content\/uploads\/2025\/01\/IMG_20220710_115555-scaled.jpg?resize=225%2C300&amp;ssl=1 225w, https:\/\/i0.wp.com\/dogukantunc.com\/wp-content\/uploads\/2025\/01\/IMG_20220710_115555-scaled.jpg?resize=1152%2C1536&amp;ssl=1 1152w, https:\/\/i0.wp.com\/dogukantunc.com\/wp-content\/uploads\/2025\/01\/IMG_20220710_115555-scaled.jpg?resize=1536%2C2048&amp;ssl=1 1536w, https:\/\/i0.wp.com\/dogukantunc.com\/wp-content\/uploads\/2025\/01\/IMG_20220710_115555-scaled.jpg?w=1920&amp;ssl=1 1920w\" sizes=\"auto, (max-width: 750px) 100vw, 750px\" \/><\/p>\n<p>Bo\u015f zaman\u0131n b\u00fcy\u00fck k\u0131sm\u0131n\u0131 ailesi, bilgisayar oyunlar\u0131, m\u00fczikle u\u011fra\u015fmak ve yaz\u0131 yazmak ile ge\u00e7irmektedir. F\u0131rsat bulduk\u00e7a yemek yapmaktan ve mutfakta yeni tarifler denemekten ho\u015flanmaktad\u0131r. Bisiklet s\u00fcrmek, ko\u015fmak ve do\u011fa y\u00fcr\u00fcy\u00fc\u015f\u00fc sevdi\u011fi sporlar aras\u0131ndad\u0131r.<\/p>\n<p><img data-recalc-dims=\"1\" loading=\"lazy\" decoding=\"async\" src=\"https:\/\/i0.wp.com\/dogukantunc.com\/wp-content\/uploads\/2025\/01\/20241231_172227.jpg?resize=750%2C510&#038;ssl=1\" alt=\"\" width=\"750\" height=\"510\" class=\"size-large wp-image-2332 aligncenter\" srcset=\"https:\/\/i0.wp.com\/dogukantunc.com\/wp-content\/uploads\/2025\/01\/20241231_172227.jpg?resize=1024%2C697&amp;ssl=1 1024w, https:\/\/i0.wp.com\/dogukantunc.com\/wp-content\/uploads\/2025\/01\/20241231_172227.jpg?resize=300%2C204&amp;ssl=1 300w, https:\/\/i0.wp.com\/dogukantunc.com\/wp-content\/uploads\/2025\/01\/20241231_172227.jpg?resize=768%2C523&amp;ssl=1 768w, https:\/\/i0.wp.com\/dogukantunc.com\/wp-content\/uploads\/2025\/01\/20241231_172227.jpg?resize=1536%2C1045&amp;ssl=1 1536w, https:\/\/i0.wp.com\/dogukantunc.com\/wp-content\/uploads\/2025\/01\/20241231_172227.jpg?resize=2048%2C1393&amp;ssl=1 2048w, https:\/\/i0.wp.com\/dogukantunc.com\/wp-content\/uploads\/2025\/01\/20241231_172227.jpg?w=2250&amp;ssl=1 2250w\" sizes=\"auto, (max-width: 750px) 100vw, 750px\" \/><\/p>\n","protected":false},"excerpt":{"rendered":"<p>English Version Do\u011fukan Tun\u00e7, (arkada\u015flar\u0131 taraf\u0131ndan bilinen \u015fekliyle DT, lisede Dream Theater grubuna kar\u015f\u0131 duydu\u011fu sevgi nedeniyle) 07.07.1986 y\u0131l\u0131nda Ankara&#8217;da do\u011fdu. Annesi anaokulu \u00f6\u011fretmeni, babas\u0131 ise devlet memurudur. 1989 do\u011fumlu bir erkek karde\u015fi vard\u0131r. K\u00fc\u00e7\u00fck ya\u015ftan itibaren ara\u015ft\u0131rmaya, okumaya, \u00f6\u011frenmeye olan ilgisi ile \u00e7evresinin dikkatini \u00e7eken bir tip olmu\u015ftur. Kendi<\/p>\n","protected":false},"author":1,"featured_media":0,"parent":83,"menu_order":0,"comment_status":"closed","ping_status":"closed","template":"page-templates\/template-fullwidth.php","meta":{"footnotes":""},"class_list":["post-168","page","type-page","status-publish","hentry"],"jetpack_sharing_enabled":true,"_links":{"self":[{"href":"https:\/\/dogukantunc.com\/index.php?rest_route=\/wp\/v2\/pages\/168","targetHints":{"allow":["GET"]}}],"collection":[{"href":"https:\/\/dogukantunc.com\/index.php?rest_route=\/wp\/v2\/pages"}],"about":[{"href":"https:\/\/dogukantunc.com\/index.php?rest_route=\/wp\/v2\/types\/page"}],"author":[{"embeddable":true,"href":"https:\/\/dogukantunc.com\/index.php?rest_route=\/wp\/v2\/users\/1"}],"replies":[{"embeddable":true,"href":"https:\/\/dogukantunc.com\/index.php?rest_route=%2Fwp%2Fv2%2Fcomments&post=168"}],"version-history":[{"count":42,"href":"https:\/\/dogukantunc.com\/index.php?rest_route=\/wp\/v2\/pages\/168\/revisions"}],"predecessor-version":[{"id":2337,"href":"https:\/\/dogukantunc.com\/index.php?rest_route=\/wp\/v2\/pages\/168\/revisions\/2337"}],"up":[{"embeddable":true,"href":"https:\/\/dogukantunc.com\/index.php?rest_route=\/wp\/v2\/pages\/83"}],"wp:attachment":[{"href":"https:\/\/dogukantunc.com\/index.php?rest_route=%2Fwp%2Fv2%2Fmedia&parent=168"}],"curies":[{"name":"wp","href":"https:\/\/api.w.org\/{rel}","templated":true}]}}