{"id":83,"date":"2018-07-24T11:13:29","date_gmt":"2018-07-24T11:13:29","guid":{"rendered":"http:\/\/dogukantunc.com\/?page_id=83"},"modified":"2025-09-22T16:23:10","modified_gmt":"2025-09-22T15:23:10","slug":"ana-sayfa","status":"publish","type":"page","link":"https:\/\/dogukantunc.com\/","title":{"rendered":"Home"},"content":{"rendered":"\n<p><\/p>\n\n\n\n<div class=\"wp-block-media-text alignwide is-stacked-on-mobile\" style=\"grid-template-columns:30% auto\"><figure class=\"wp-block-media-text__media\"><img data-recalc-dims=\"1\" loading=\"lazy\" decoding=\"async\" width=\"732\" height=\"1024\" src=\"https:\/\/i0.wp.com\/dogukantunc.com\/wp-content\/uploads\/2020\/10\/dt_jet_low.jpg?resize=732%2C1024&#038;ssl=1\" alt=\"\" class=\"wp-image-886 size-full\" srcset=\"https:\/\/i0.wp.com\/dogukantunc.com\/wp-content\/uploads\/2020\/10\/dt_jet_low-scaled.jpg?resize=732%2C1024&amp;ssl=1 732w, https:\/\/i0.wp.com\/dogukantunc.com\/wp-content\/uploads\/2020\/10\/dt_jet_low-scaled.jpg?resize=214%2C300&amp;ssl=1 214w, https:\/\/i0.wp.com\/dogukantunc.com\/wp-content\/uploads\/2020\/10\/dt_jet_low-scaled.jpg?resize=768%2C1075&amp;ssl=1 768w, https:\/\/i0.wp.com\/dogukantunc.com\/wp-content\/uploads\/2020\/10\/dt_jet_low-scaled.jpg?resize=1098%2C1536&amp;ssl=1 1098w, https:\/\/i0.wp.com\/dogukantunc.com\/wp-content\/uploads\/2020\/10\/dt_jet_low-scaled.jpg?resize=1464%2C2048&amp;ssl=1 1464w, https:\/\/i0.wp.com\/dogukantunc.com\/wp-content\/uploads\/2020\/10\/dt_jet_low-scaled.jpg?w=1829&amp;ssl=1 1829w\" sizes=\"auto, (max-width: 732px) 100vw, 732px\" \/><\/figure><div class=\"wp-block-media-text__content\">\n<p><strong>Ho\u015f geldiniz<\/strong>.<\/p>\n\n\n\n<p>Do\u011fukan Tun\u00e7\u2019un na\u00e7izane Web sayfas\u0131na ula\u015fm\u0131\u015f bulunuyorsunuz. Kendisi bir&nbsp;<a rel=\"noreferrer noopener\" href=\"https:\/\/tr.wikipedia.org\/wiki\/Y_nesli\" target=\"_blank\">Y-Jenerasyon<\/a>&nbsp;<a rel=\"noreferrer noopener\" href=\"https:\/\/www.google.com\/search?q=%C3%A7ok+roll%C3%BC+sava%C5%9F+u%C3%A7a%C4%9F%C4%B1\" target=\"_blank\">\u00c7ok Roll\u00fc Sava\u015f\u00e7\u0131<\/a>&nbsp;olup; bir e\u015f, baba, yaz\u0131l\u0131m m\u00fchendisi, m\u00fczisyen ve amat\u00f6r filozoftur. Anlayabilece\u011finiz \u00fczere, ayn\u0131 zamanda da bir bisiklet ve havac\u0131l\u0131k hayran\u0131d\u0131r.<\/p>\n\n\n\n<p>Kendisiyle ilgili daha detayl\u0131 bilgiye ula\u015fmak i\u00e7in&nbsp;<a href=\"http:\/\/dogukantunc.com\/?page_id=168\">Hakk\u0131nda<\/a>&nbsp;sayfas\u0131na t\u0131klayabilirsiniz. <\/p>\n\n\n\n<p>Geldi\u011finiz i\u00e7in te\u015fekk\u00fcrler. Keyfinize bak\u0131n.<\/p>\n\n\n\n<p><strong>Welcome<\/strong>.<\/p>\n\n\n\n<p>You have stumbled upon the humble Web page of Do\u011fukan Tun\u00e7 (dough-khan toonch), a\u00a0<a href=\"https:\/\/en.wikipedia.org\/wiki\/Millennials\" target=\"_blank\" rel=\"noreferrer noopener\">Y-Generation<\/a>\u00a0<a href=\"https:\/\/www.google.com\/search?q=multirole+fighter\" target=\"_blank\" rel=\"noreferrer noopener\">Multirole Fighter<\/a>. He\u2019s a husband, a father, a software engineer, a musician and an amateur philosopher. As you may have guessed, he\u2019s also a fan of bicycles and aviation.<\/p>\n\n\n\n<p>You can go to&nbsp;<a href=\"http:\/\/dogukantunc.com\/?page_id=147\">About<\/a>&nbsp;page if you wish to know more about him. <\/p>\n\n\n\n<p>Thank you for being here. Enjoy your stay.<\/p>\n\n\n\n<p><strong>Welkom.<\/strong><\/p>\n\n\n\n<p>Je bent aangekomen bij de webpagina van Do\u011fukan Tun\u00e7 (doo-oe-kan toentsj). Hij is een <a href=\"https:\/\/nl.wikipedia.org\/wiki\/Millennials\" target=\"_blank\" rel=\"noreferrer noopener\">Y-Generatie<\/a>, <a href=\"https:\/\/nl.wikipedia.org\/w\/index.php?title=Multirolegevechtsvliegtuig\" target=\"_blank\" rel=\"noreferrer noopener\">Multirolegevechtsvliegtuig<\/a>; een echtgenoot, een vader, een Software Engineer, een muzikant en een amateur filosoof. Als je misschien het gemerkt hebt, hij is ook gek op fietsen en luchtvaart.<\/p>\n\n\n\n<p>Als je meer informatie over hem wil hebben mag je naar zijn <a href=\"https:\/\/dogukantunc.com\/?page_id=147\" data-type=\"page\" data-id=\"147\">About<\/a> pagina (helaas nog niet beschikbaar in het Nederlands, maar hij is er mee bezig) gaan.<\/p>\n\n\n\n<p>Heel leuk dat je hier bent. Geniet ervan!<\/p>\n<\/div><\/div>\n","protected":false},"excerpt":{"rendered":"<p>Ho\u015f geldiniz. Do\u011fukan Tun\u00e7\u2019un na\u00e7izane Web sayfas\u0131na ula\u015fm\u0131\u015f bulunuyorsunuz. Kendisi bir&nbsp;Y-Jenerasyon&nbsp;\u00c7ok Roll\u00fc Sava\u015f\u00e7\u0131&nbsp;olup; bir e\u015f, baba, yaz\u0131l\u0131m m\u00fchendisi, m\u00fczisyen ve amat\u00f6r filozoftur. Anlayabilece\u011finiz \u00fczere, ayn\u0131 zamanda da bir bisiklet ve havac\u0131l\u0131k hayran\u0131d\u0131r. Kendisiyle ilgili daha detayl\u0131 bilgiye ula\u015fmak i\u00e7in&nbsp;Hakk\u0131nda&nbsp;sayfas\u0131na t\u0131klayabilirsiniz. Geldi\u011finiz i\u00e7in te\u015fekk\u00fcrler. Keyfinize bak\u0131n. Welcome. You have stumbled upon<\/p>\n","protected":false},"author":1,"featured_media":0,"parent":0,"menu_order":0,"comment_status":"closed","ping_status":"closed","template":"","meta":{"footnotes":""},"class_list":["post-83","page","type-page","status-publish","hentry"],"jetpack_sharing_enabled":true,"_links":{"self":[{"href":"https:\/\/dogukantunc.com\/index.php?rest_route=\/wp\/v2\/pages\/83","targetHints":{"allow":["GET"]}}],"collection":[{"href":"https:\/\/dogukantunc.com\/index.php?rest_route=\/wp\/v2\/pages"}],"about":[{"href":"https:\/\/dogukantunc.com\/index.php?rest_route=\/wp\/v2\/types\/page"}],"author":[{"embeddable":true,"href":"https:\/\/dogukantunc.com\/index.php?rest_route=\/wp\/v2\/users\/1"}],"replies":[{"embeddable":true,"href":"https:\/\/dogukantunc.com\/index.php?rest_route=%2Fwp%2Fv2%2Fcomments&post=83"}],"version-history":[{"count":46,"href":"https:\/\/dogukantunc.com\/index.php?rest_route=\/wp\/v2\/pages\/83\/revisions"}],"predecessor-version":[{"id":2491,"href":"https:\/\/dogukantunc.com\/index.php?rest_route=\/wp\/v2\/pages\/83\/revisions\/2491"}],"wp:attachment":[{"href":"https:\/\/dogukantunc.com\/index.php?rest_route=%2Fwp%2Fv2%2Fmedia&parent=83"}],"curies":[{"name":"wp","href":"https:\/\/api.w.org\/{rel}","templated":true}]}}